{"id":13,"date":"2021-06-17T11:34:51","date_gmt":"2021-06-17T11:34:51","guid":{"rendered":"http:\/\/www.alltext.fi\/?page_id=13"},"modified":"2021-06-18T07:36:19","modified_gmt":"2021-06-18T07:36:19","slug":"om-mig","status":"publish","type":"page","link":"https:\/\/www.alltext.fi\/","title":{"rendered":"Om mig"},"content":{"rendered":"\n<h1 class=\"wp-block-heading\">Hej och v\u00e4lkommen!<\/h1>\n\n\n\n<p>Vad kul att du har hittat hit! Mitt namn \u00e4r Anna och jag jobbar som frilansande kommunikat\u00f6r. Trots att jag b\u00e5de har studerat och jobbat i m\u00e5nga \u00e5r f\u00f6r att ta mig hit, s\u00e5 tror jag att jag f\u00f6ddes till skribent. <\/p>\n\n\n\n<p><strong>Jag lever f\u00f6r att skriva, skriver f\u00f6r att leva och lever p\u00e5 att skriva. <\/strong><\/p>\n\n\n\n<p>Att skriva kan vara som att m\u00e5la, l\u00e4gga pussel eller l\u00f6sa en riktigt sv\u00e5r ekvation. Men skrivande kan ocks\u00e5 vara att sl\u00e4ppa taget och l\u00e5ta tankarna sv\u00e4mma ut \u00f6ver tangentbordet. N\u00e4r jag skriver g\u00e5r tiden fort och jag njuter verkligen av att f\u00e5 slipa p\u00e5 formuleringar eller leta efter essensen i det budskap jag ska f\u00e5 fram.<\/p>\n\n\n\n<p>Vill du ha inneh\u00e5ll till f\u00f6retagets n\u00e4tsida eller sociala medier? Beh\u00f6ver du n\u00e5gon som kan komprimera ditt budskap och \u00f6vers\u00e4tta dina v\u00e4rderingar till en kort och slagf\u00e4rdig slogan? Eller kan jag hj\u00e4lpa dig med produktbeskrivningar eller \u00f6vers\u00e4ttningar? Tveka inte att ta kontakt! \u00c4ven om du hittar n\u00e5gra av mina typiska tj\u00e4nster under menyerna, finns det ocks\u00e5 mycket annat inom kommunikation som jag kan hj\u00e4lpa till med.<\/p>\n\n\n\n<p>Av mig kan du f\u00f6rv\u00e4nta dig tydlig kommunikation, \u00f6ppenhet och ett genuint intresse f\u00f6r varje litet projekt. Vi h\u00f6rs!<\/p>\n","protected":false},"excerpt":{"rendered":"<p>Hej och v\u00e4lkommen! Vad kul att du har hittat hit! Mitt namn \u00e4r Anna och jag jobbar som frilansande kommunikat\u00f6r. Trots att jag b\u00e5de har studerat och jobbat i m\u00e5nga \u00e5r f\u00f6r att ta mig hit, s\u00e5 tror jag att jag f\u00f6ddes till skribent. Jag lever f\u00f6r att skriva, skriver f\u00f6r att leva och lever [&hellip;]<\/p>\n","protected":false},"author":1,"featured_media":0,"parent":0,"menu_order":0,"comment_status":"closed","ping_status":"closed","template":"","meta":{"footnotes":""},"class_list":["post-13","page","type-page","status-publish","hentry"],"_links":{"self":[{"href":"https:\/\/www.alltext.fi\/index.php\/wp-json\/wp\/v2\/pages\/13","targetHints":{"allow":["GET"]}}],"collection":[{"href":"https:\/\/www.alltext.fi\/index.php\/wp-json\/wp\/v2\/pages"}],"about":[{"href":"https:\/\/www.alltext.fi\/index.php\/wp-json\/wp\/v2\/types\/page"}],"author":[{"embeddable":true,"href":"https:\/\/www.alltext.fi\/index.php\/wp-json\/wp\/v2\/users\/1"}],"replies":[{"embeddable":true,"href":"https:\/\/www.alltext.fi\/index.php\/wp-json\/wp\/v2\/comments?post=13"}],"version-history":[{"count":5,"href":"https:\/\/www.alltext.fi\/index.php\/wp-json\/wp\/v2\/pages\/13\/revisions"}],"predecessor-version":[{"id":73,"href":"https:\/\/www.alltext.fi\/index.php\/wp-json\/wp\/v2\/pages\/13\/revisions\/73"}],"wp:attachment":[{"href":"https:\/\/www.alltext.fi\/index.php\/wp-json\/wp\/v2\/media?parent=13"}],"curies":[{"name":"wp","href":"https:\/\/api.w.org\/{rel}","templated":true}]}}